{"id":79,"date":"2026-02-12T12:46:56","date_gmt":"2026-02-12T12:46:56","guid":{"rendered":"https:\/\/loet10.nl\/?page_id=79"},"modified":"2026-02-12T13:06:39","modified_gmt":"2026-02-12T13:06:39","slug":"loet-10-in-het-nieuws","status":"publish","type":"page","link":"https:\/\/loet10.nl\/index.php\/loet-10-in-het-nieuws\/","title":{"rendered":"Loet 10 in het nieuws"},"content":{"rendered":"\n<div class=\"wp-block-group alignfull has-accent-background-color has-background\" style=\"margin-top:0;margin-bottom:0;padding-top:var(--wp--preset--spacing--50);padding-right:var(--wp--preset--spacing--50);padding-bottom:var(--wp--preset--spacing--50);padding-left:var(--wp--preset--spacing--50)\"><div class=\"wp-block-group__inner-container is-layout-constrained wp-container-core-group-is-layout-2bafd31c wp-block-group-is-layout-constrained\">\n<div class=\"wp-block-columns alignwide is-layout-flex wp-container-core-columns-is-layout-4d397ad4 wp-block-columns-is-layout-flex\">\n<div class=\"wp-block-column is-vertically-aligned-stretch is-layout-flow wp-block-column-is-layout-flow\" style=\"flex-basis:50%\">\n<div class=\"wp-block-group is-vertical is-content-justification-stretch is-layout-flex wp-container-core-group-is-layout-d9786264 wp-block-group-is-layout-flex\" style=\"min-height:100%\">\n<p class=\"has-body-font-family has-x-large-font-size\" style=\"line-height:1.2\">Schagen investeert in cultuur: alles onder \u00e9\u00e9n dak \u2013&nbsp;<a href=\"http:\/\/rodi.nl\/\" target=\"_blank\" rel=\"noreferrer noopener\">rodi.nl<\/a><\/p>\n\n\n\n<div class=\"wp-block-group is-content-justification-left\"><div class=\"wp-block-group__inner-container is-layout-constrained wp-container-core-group-is-layout-ebdfa9d7 wp-block-group-is-layout-constrained\">\n<p>\u201cSchagen zet een belangrijke stap richting een levendige en samenhangende culturele toekomst. Loet 10, Museum Vreeburg en de Westfriese Folklore\/Muziektuin gaan samenwerken om een sterk en aantrekkelijk cultuurensemble te vormen.<\/p>\n\n\n\n<p>\u201cHet initiatief komt van de gemeenteraad, en na positieve eerste gesprekken tekenden de drie partijen op 1 december een intentieovereenkomst in Museum Vreeburg.<\/p>\n\n\n\n<p>\u201cHet doel is duidelijk: \u00e9\u00e9n cultuurcluster cre\u00ebren, oftewel \u2018alles onder \u00e9\u00e9n dak\u2019.\u201d<\/p>\n\n\n\n<div class=\"wp-block-buttons is-layout-flex wp-block-buttons-is-layout-flex\">\n<div class=\"wp-block-button\"><a class=\"wp-block-button__link wp-element-button\" href=\"https:\/\/www.rodi.nl\/schagen\/nieuws\/475650\/schagen-investeert-in-cultuur-alles-onder-een-dak\">Lees meer op rodi.nl<\/a><\/div>\n<\/div>\n<\/div><\/div>\n<\/div>\n<\/div>\n\n\n\n<div class=\"wp-block-column is-vertically-aligned-center is-layout-flow wp-block-column-is-layout-flow\" style=\"flex-basis:50%\">\n<figure class=\"wp-block-gallery has-nested-images columns-default is-cropped wp-block-gallery-1 is-layout-flex wp-block-gallery-is-layout-flex\">\n<figure class=\"wp-block-image size-full is-style-default\" style=\"margin-right:var(--wp--preset--spacing--20);margin-left:var(--wp--preset--spacing--20)\"><img loading=\"lazy\" decoding=\"async\" width=\"1171\" height=\"2000\" data-id=\"81\" src=\"https:\/\/loet10.nl\/wp-content\/uploads\/2026\/02\/AllesOnderEenDak.png\" alt=\"\" class=\"wp-image-81\" style=\"object-fit:cover\" srcset=\"https:\/\/loet10.nl\/wp-content\/uploads\/2026\/02\/AllesOnderEenDak.png 1171w, https:\/\/loet10.nl\/wp-content\/uploads\/2026\/02\/AllesOnderEenDak-176x300.png 176w, https:\/\/loet10.nl\/wp-content\/uploads\/2026\/02\/AllesOnderEenDak-600x1024.png 600w, https:\/\/loet10.nl\/wp-content\/uploads\/2026\/02\/AllesOnderEenDak-768x1312.png 768w, https:\/\/loet10.nl\/wp-content\/uploads\/2026\/02\/AllesOnderEenDak-899x1536.png 899w\" sizes=\"auto, (max-width: 1171px) 100vw, 1171px\" \/><\/figure>\n<\/figure>\n<\/div>\n<\/div>\n<\/div><\/div>\n\n\n\n<div class=\"wp-block-group alignfull\" style=\"margin-top:0;margin-bottom:0;padding-top:var(--wp--preset--spacing--50);padding-right:var(--wp--preset--spacing--50);padding-bottom:var(--wp--preset--spacing--50);padding-left:var(--wp--preset--spacing--50)\"><div class=\"wp-block-group__inner-container is-layout-constrained wp-container-core-group-is-layout-9cf8f26d wp-block-group-is-layout-constrained\">\n<div class=\"wp-block-columns alignwide are-vertically-aligned-center is-layout-flex wp-container-core-columns-is-layout-30f78326 wp-block-columns-is-layout-flex\">\n<div class=\"wp-block-column is-vertically-aligned-center is-layout-flow wp-block-column-is-layout-flow\" style=\"flex-basis:50%\">\n<h2 class=\"wp-block-heading has-body-font-family\">100 jaar Muziektuin wordt gevierd met 100 keramische vogels. \u2019Je raakt niet uitgekeken\u2019 \u2013 Noordhollands Dagblad<\/h2>\n\n\n\n<p>\u201c3 mei 1925, de klanken van Schagens Harmonie klinken voor het eerst in Muziektuin Schagen. Vogels fluiten in de voli\u00e8re. Nu, honderd jaar later, wordt er nog altijd van de muziek van het orkest genoten in de tuin. Om honderd jaar muziektuin te vieren heeft beeldend kunstenaar Rutger Jan Bredewold een voli\u00e8re gemaakt met daarin 100 keramische vogels, gemaakt door leerlingen van de basisscholen in Schagen.\u201d<\/p>\n\n\n\n<div class=\"wp-block-buttons is-layout-flex wp-block-buttons-is-layout-flex\">\n<div class=\"wp-block-button\"><a class=\"wp-block-button__link wp-element-button\" href=\"https:\/\/www.noordhollandsdagblad.nl\/regio\/noordkop\/noordkop-schagen\/100-jaar-muziektuin-wordt-gevierd-met-100-keramische-vogels.-je-raakt-niet-uitgekeken\/87174127.html\">Lees meer<\/a><\/div>\n<\/div>\n<\/div>\n\n\n\n<div class=\"wp-block-column is-vertically-aligned-center is-layout-flow wp-block-column-is-layout-flow\" style=\"flex-basis:50%\">\n<figure class=\"wp-block-image size-full is-style-default\"><img loading=\"lazy\" decoding=\"async\" width=\"1233\" height=\"1038\" src=\"https:\/\/loet10.nl\/wp-content\/uploads\/2026\/02\/vogels.png\" alt=\"\" class=\"wp-image-82\" style=\"aspect-ratio:4\/3;object-fit:cover\" srcset=\"https:\/\/loet10.nl\/wp-content\/uploads\/2026\/02\/vogels.png 1233w, https:\/\/loet10.nl\/wp-content\/uploads\/2026\/02\/vogels-300x253.png 300w, https:\/\/loet10.nl\/wp-content\/uploads\/2026\/02\/vogels-1024x862.png 1024w, https:\/\/loet10.nl\/wp-content\/uploads\/2026\/02\/vogels-768x647.png 768w\" sizes=\"auto, (max-width: 1233px) 100vw, 1233px\" \/><\/figure>\n<\/div>\n<\/div>\n<\/div><\/div>\n","protected":false},"excerpt":{"rendered":"<p>Schagen investeert in cultuur: alles onder \u00e9\u00e9n dak \u2013&nbsp;rodi.nl \u201cSchagen zet een belangrijke stap richting een levendige en samenhangende culturele toekomst. Loet 10, Museum Vreeburg en de Westfriese Folklore\/Muziektuin gaan samenwerken om een sterk en aantrekkelijk cultuurensemble te vormen. \u201cHet &hellip; <a href=\"https:\/\/loet10.nl\/index.php\/loet-10-in-het-nieuws\/\">Lees verder <span class=\"meta-nav\">&rarr;<\/span><\/a><\/p>\n","protected":false},"author":2,"featured_media":0,"parent":0,"menu_order":0,"comment_status":"closed","ping_status":"closed","template":"","meta":{"footnotes":""},"class_list":["post-79","page","type-page","status-publish","hentry"],"_links":{"self":[{"href":"https:\/\/loet10.nl\/index.php\/wp-json\/wp\/v2\/pages\/79","targetHints":{"allow":["GET"]}}],"collection":[{"href":"https:\/\/loet10.nl\/index.php\/wp-json\/wp\/v2\/pages"}],"about":[{"href":"https:\/\/loet10.nl\/index.php\/wp-json\/wp\/v2\/types\/page"}],"author":[{"embeddable":true,"href":"https:\/\/loet10.nl\/index.php\/wp-json\/wp\/v2\/users\/2"}],"replies":[{"embeddable":true,"href":"https:\/\/loet10.nl\/index.php\/wp-json\/wp\/v2\/comments?post=79"}],"version-history":[{"count":4,"href":"https:\/\/loet10.nl\/index.php\/wp-json\/wp\/v2\/pages\/79\/revisions"}],"predecessor-version":[{"id":90,"href":"https:\/\/loet10.nl\/index.php\/wp-json\/wp\/v2\/pages\/79\/revisions\/90"}],"wp:attachment":[{"href":"https:\/\/loet10.nl\/index.php\/wp-json\/wp\/v2\/media?parent=79"}],"curies":[{"name":"wp","href":"https:\/\/api.w.org\/{rel}","templated":true}]}}